{"id":98,"date":"2024-08-21T19:36:33","date_gmt":"2024-08-21T19:36:33","guid":{"rendered":"https:\/\/incubadora.undc.edu.pe\/?page_id=98"},"modified":"2024-08-21T19:36:33","modified_gmt":"2024-08-21T19:36:33","slug":"feria-incubadora-de-empresas-2023","status":"publish","type":"page","link":"https:\/\/incubadora.undc.edu.pe\/index.php\/feria-incubadora-de-empresas-2023\/","title":{"rendered":"FERIA INCUBADORA DE EMPRESAS 2023"},"content":{"rendered":"\n<p>Con \u00e9xito se realiz\u00f3 el \u201cConcurso y Feria de Negocios 2023&#8243;, organizado por la Direcci\u00f3n de Incubadoras de Empresas y la Vicepresidencia de Investigaci\u00f3n de la UNDC.<\/p>\n\n\n\n<p>En esta feria concursaron 10 ideas de negocio como Yawar Ca\u00f1etana, Unicoes, MPYM, Digital Partners, Digital Talent, Fusion 3D Jatama, Agroverde Ca\u00f1ete,San Banano,Rikokuy y Bioferti, integrados por estudiantes de las escuelas profesionales de Contabilidad, Agronom\u00eda Administraci\u00f3n, Ingenier\u00eda de Sistemas y <a><\/a>Administraci\u00f3n de Turismo y Hoteler\u00eda.<\/p>\n\n\n\n<p>Resultando ganadores 6 proyectos que ser\u00e1n subvencionados cada uno con 10, 000 (diez mil y 00\/100 nuevos soles) por la UNDC que fueron entregados por el Dr. Ernesto Hashimoto Moncayo, Vicepresidente de Investigaci\u00f3n, que agradeci\u00f3 al Lic. Christopher Mario Cruz P\u00e9rez, Presidente de la C\u00e1mara de Comercio, Mg. Andrea Ferrer Quispe Docente por su apoyo como Jurado Calificador. <\/p>\n\n\n\n<p>Tambi\u00e9n se cont\u00f3 con la participaci\u00f3n de la empresaria Mar\u00eda Yactayo Casas, gerente de la Vaquita Ca\u00f1etana, que motivo a los j\u00f3venes a seguir creando empresa con mucha dedicaci\u00f3n, preparaci\u00f3n acad\u00e9mica y sobre todo lealtad.<\/p>\n\n\n\n<p>Se tuvo la visita de los estudiantes de la I.E. Centro de Varones.<\/p>\n\n\n\n<p>Finalmente, clausuro el evento el director de la Direcci\u00f3n de Incubadoras de Empresas Dr. Ram\u00f3n Osorio Alberto Bueno, felicitando a los j\u00f3venes emprendedores por su participaci\u00f3n en este I Concurso y Feria de Negocios 2023.camino que los llevar\u00e1 a transformarse en las pr\u00f3ximas empresas exitosas. <\/p>\n\n\n\n<figure class=\"wp-block-gallery has-nested-images columns-default is-cropped wp-block-gallery-1 is-layout-flex wp-block-gallery-is-layout-flex\">\n<figure class=\"wp-block-image size-large\"><img loading=\"lazy\" decoding=\"async\" width=\"1024\" height=\"768\" data-id=\"106\" src=\"https:\/\/incubadora.undc.edu.pe\/wp-content\/uploads\/2024\/08\/f9-1024x768.jpg\" alt=\"\" class=\"wp-image-106\" srcset=\"https:\/\/incubadora.undc.edu.pe\/wp-content\/uploads\/2024\/08\/f9-1024x768.jpg 1024w, https:\/\/incubadora.undc.edu.pe\/wp-content\/uploads\/2024\/08\/f9-300x225.jpg 300w, https:\/\/incubadora.undc.edu.pe\/wp-content\/uploads\/2024\/08\/f9-768x576.jpg 768w, https:\/\/incubadora.undc.edu.pe\/wp-content\/uploads\/2024\/08\/f9-1536x1152.jpg 1536w, https:\/\/incubadora.undc.edu.pe\/wp-content\/uploads\/2024\/08\/f9.jpg 1600w\" sizes=\"auto, (max-width: 1024px) 100vw, 1024px\" \/><\/figure>\n\n\n\n<figure class=\"wp-block-image size-large\"><img loading=\"lazy\" decoding=\"async\" width=\"1024\" height=\"768\" data-id=\"105\" src=\"https:\/\/incubadora.undc.edu.pe\/wp-content\/uploads\/2024\/08\/f8-1024x768.jpg\" alt=\"\" class=\"wp-image-105\" srcset=\"https:\/\/incubadora.undc.edu.pe\/wp-content\/uploads\/2024\/08\/f8-1024x768.jpg 1024w, https:\/\/incubadora.undc.edu.pe\/wp-content\/uploads\/2024\/08\/f8-300x225.jpg 300w, https:\/\/incubadora.undc.edu.pe\/wp-content\/uploads\/2024\/08\/f8-768x576.jpg 768w, https:\/\/incubadora.undc.edu.pe\/wp-content\/uploads\/2024\/08\/f8-1536x1152.jpg 1536w, https:\/\/incubadora.undc.edu.pe\/wp-content\/uploads\/2024\/08\/f8.jpg 1600w\" sizes=\"auto, (max-width: 1024px) 100vw, 1024px\" \/><\/figure>\n<\/figure>\n\n\n\n<figure class=\"wp-block-gallery has-nested-images columns-default is-cropped wp-block-gallery-2 is-layout-flex wp-block-gallery-is-layout-flex\">\n<figure class=\"wp-block-image size-large\"><img loading=\"lazy\" decoding=\"async\" width=\"1024\" height=\"768\" data-id=\"108\" src=\"https:\/\/incubadora.undc.edu.pe\/wp-content\/uploads\/2024\/08\/f11-1024x768.jpg\" alt=\"\" class=\"wp-image-108\" srcset=\"https:\/\/incubadora.undc.edu.pe\/wp-content\/uploads\/2024\/08\/f11-1024x768.jpg 1024w, https:\/\/incubadora.undc.edu.pe\/wp-content\/uploads\/2024\/08\/f11-300x225.jpg 300w, https:\/\/incubadora.undc.edu.pe\/wp-content\/uploads\/2024\/08\/f11-768x576.jpg 768w, https:\/\/incubadora.undc.edu.pe\/wp-content\/uploads\/2024\/08\/f11-1536x1152.jpg 1536w, https:\/\/incubadora.undc.edu.pe\/wp-content\/uploads\/2024\/08\/f11.jpg 1600w\" sizes=\"auto, (max-width: 1024px) 100vw, 1024px\" \/><\/figure>\n\n\n\n<figure class=\"wp-block-image size-large\"><img loading=\"lazy\" decoding=\"async\" width=\"1024\" height=\"768\" data-id=\"107\" src=\"https:\/\/incubadora.undc.edu.pe\/wp-content\/uploads\/2024\/08\/f12-1024x768.jpg\" alt=\"\" class=\"wp-image-107\" srcset=\"https:\/\/incubadora.undc.edu.pe\/wp-content\/uploads\/2024\/08\/f12-1024x768.jpg 1024w, https:\/\/incubadora.undc.edu.pe\/wp-content\/uploads\/2024\/08\/f12-300x225.jpg 300w, https:\/\/incubadora.undc.edu.pe\/wp-content\/uploads\/2024\/08\/f12-768x576.jpg 768w, https:\/\/incubadora.undc.edu.pe\/wp-content\/uploads\/2024\/08\/f12-1536x1152.jpg 1536w, https:\/\/incubadora.undc.edu.pe\/wp-content\/uploads\/2024\/08\/f12.jpg 1600w\" sizes=\"auto, (max-width: 1024px) 100vw, 1024px\" \/><\/figure>\n\n\n\n<figure class=\"wp-block-image size-large\"><img loading=\"lazy\" decoding=\"async\" width=\"1024\" height=\"768\" data-id=\"109\" src=\"https:\/\/incubadora.undc.edu.pe\/wp-content\/uploads\/2024\/08\/f10-1024x768.jpg\" alt=\"\" class=\"wp-image-109\" srcset=\"https:\/\/incubadora.undc.edu.pe\/wp-content\/uploads\/2024\/08\/f10-1024x768.jpg 1024w, https:\/\/incubadora.undc.edu.pe\/wp-content\/uploads\/2024\/08\/f10-300x225.jpg 300w, https:\/\/incubadora.undc.edu.pe\/wp-content\/uploads\/2024\/08\/f10-768x576.jpg 768w, https:\/\/incubadora.undc.edu.pe\/wp-content\/uploads\/2024\/08\/f10-1536x1152.jpg 1536w, https:\/\/incubadora.undc.edu.pe\/wp-content\/uploads\/2024\/08\/f10.jpg 1600w\" sizes=\"auto, (max-width: 1024px) 100vw, 1024px\" \/><\/figure>\n<\/figure>\n\n\n\n<figure class=\"wp-block-gallery has-nested-images columns-default is-cropped wp-block-gallery-3 is-layout-flex wp-block-gallery-is-layout-flex\">\n<figure class=\"wp-block-image size-large\"><img loading=\"lazy\" decoding=\"async\" width=\"1024\" height=\"768\" data-id=\"111\" src=\"https:\/\/incubadora.undc.edu.pe\/wp-content\/uploads\/2024\/08\/f13-1024x768.jpg\" alt=\"\" class=\"wp-image-111\" srcset=\"https:\/\/incubadora.undc.edu.pe\/wp-content\/uploads\/2024\/08\/f13-1024x768.jpg 1024w, https:\/\/incubadora.undc.edu.pe\/wp-content\/uploads\/2024\/08\/f13-300x225.jpg 300w, https:\/\/incubadora.undc.edu.pe\/wp-content\/uploads\/2024\/08\/f13-768x576.jpg 768w, https:\/\/incubadora.undc.edu.pe\/wp-content\/uploads\/2024\/08\/f13-1536x1152.jpg 1536w, https:\/\/incubadora.undc.edu.pe\/wp-content\/uploads\/2024\/08\/f13.jpg 1600w\" sizes=\"auto, (max-width: 1024px) 100vw, 1024px\" \/><\/figure>\n\n\n\n<figure class=\"wp-block-image size-large\"><img loading=\"lazy\" decoding=\"async\" width=\"1024\" height=\"576\" data-id=\"110\" src=\"https:\/\/incubadora.undc.edu.pe\/wp-content\/uploads\/2024\/08\/f14-1024x576.jpg\" alt=\"\" class=\"wp-image-110\" srcset=\"https:\/\/incubadora.undc.edu.pe\/wp-content\/uploads\/2024\/08\/f14-1024x576.jpg 1024w, https:\/\/incubadora.undc.edu.pe\/wp-content\/uploads\/2024\/08\/f14-300x169.jpg 300w, https:\/\/incubadora.undc.edu.pe\/wp-content\/uploads\/2024\/08\/f14-768x432.jpg 768w, https:\/\/incubadora.undc.edu.pe\/wp-content\/uploads\/2024\/08\/f14-1536x864.jpg 1536w, https:\/\/incubadora.undc.edu.pe\/wp-content\/uploads\/2024\/08\/f14.jpg 1600w\" sizes=\"auto, (max-width: 1024px) 100vw, 1024px\" \/><\/figure>\n\n\n\n<figure class=\"wp-block-image size-large\"><img loading=\"lazy\" decoding=\"async\" width=\"1024\" height=\"768\" data-id=\"112\" src=\"https:\/\/incubadora.undc.edu.pe\/wp-content\/uploads\/2024\/08\/f15-1024x768.jpg\" alt=\"\" class=\"wp-image-112\" srcset=\"https:\/\/incubadora.undc.edu.pe\/wp-content\/uploads\/2024\/08\/f15-1024x768.jpg 1024w, https:\/\/incubadora.undc.edu.pe\/wp-content\/uploads\/2024\/08\/f15-300x225.jpg 300w, https:\/\/incubadora.undc.edu.pe\/wp-content\/uploads\/2024\/08\/f15-768x576.jpg 768w, https:\/\/incubadora.undc.edu.pe\/wp-content\/uploads\/2024\/08\/f15-1536x1152.jpg 1536w, https:\/\/incubadora.undc.edu.pe\/wp-content\/uploads\/2024\/08\/f15.jpg 1600w\" sizes=\"auto, (max-width: 1024px) 100vw, 1024px\" \/><\/figure>\n<\/figure>\n\n\n\n<figure class=\"wp-block-gallery has-nested-images columns-default is-cropped wp-block-gallery-4 is-layout-flex wp-block-gallery-is-layout-flex\">\n<figure class=\"wp-block-image size-large\"><img loading=\"lazy\" decoding=\"async\" width=\"1024\" height=\"576\" data-id=\"99\" src=\"https:\/\/incubadora.undc.edu.pe\/wp-content\/uploads\/2024\/08\/f2-1024x576.jpg\" alt=\"\" class=\"wp-image-99\" srcset=\"https:\/\/incubadora.undc.edu.pe\/wp-content\/uploads\/2024\/08\/f2-1024x576.jpg 1024w, https:\/\/incubadora.undc.edu.pe\/wp-content\/uploads\/2024\/08\/f2-300x169.jpg 300w, https:\/\/incubadora.undc.edu.pe\/wp-content\/uploads\/2024\/08\/f2-768x432.jpg 768w, https:\/\/incubadora.undc.edu.pe\/wp-content\/uploads\/2024\/08\/f2-1536x864.jpg 1536w, https:\/\/incubadora.undc.edu.pe\/wp-content\/uploads\/2024\/08\/f2.jpg 1600w\" sizes=\"auto, (max-width: 1024px) 100vw, 1024px\" \/><\/figure>\n\n\n\n<figure class=\"wp-block-image size-large\"><img loading=\"lazy\" decoding=\"async\" width=\"1024\" height=\"576\" data-id=\"100\" src=\"https:\/\/incubadora.undc.edu.pe\/wp-content\/uploads\/2024\/08\/f3-1024x576.jpg\" alt=\"\" class=\"wp-image-100\" srcset=\"https:\/\/incubadora.undc.edu.pe\/wp-content\/uploads\/2024\/08\/f3-1024x576.jpg 1024w, https:\/\/incubadora.undc.edu.pe\/wp-content\/uploads\/2024\/08\/f3-300x169.jpg 300w, https:\/\/incubadora.undc.edu.pe\/wp-content\/uploads\/2024\/08\/f3-768x432.jpg 768w, https:\/\/incubadora.undc.edu.pe\/wp-content\/uploads\/2024\/08\/f3-1536x864.jpg 1536w, https:\/\/incubadora.undc.edu.pe\/wp-content\/uploads\/2024\/08\/f3.jpg 1600w\" sizes=\"auto, (max-width: 1024px) 100vw, 1024px\" \/><\/figure>\n<\/figure>\n\n\n\n<figure class=\"wp-block-gallery has-nested-images columns-default is-cropped wp-block-gallery-5 is-layout-flex wp-block-gallery-is-layout-flex\">\n<figure class=\"wp-block-image size-large\"><img loading=\"lazy\" decoding=\"async\" width=\"1024\" height=\"576\" data-id=\"101\" src=\"https:\/\/incubadora.undc.edu.pe\/wp-content\/uploads\/2024\/08\/f5-1024x576.jpg\" alt=\"\" class=\"wp-image-101\" srcset=\"https:\/\/incubadora.undc.edu.pe\/wp-content\/uploads\/2024\/08\/f5-1024x576.jpg 1024w, https:\/\/incubadora.undc.edu.pe\/wp-content\/uploads\/2024\/08\/f5-300x169.jpg 300w, https:\/\/incubadora.undc.edu.pe\/wp-content\/uploads\/2024\/08\/f5-768x432.jpg 768w, https:\/\/incubadora.undc.edu.pe\/wp-content\/uploads\/2024\/08\/f5-1536x864.jpg 1536w, https:\/\/incubadora.undc.edu.pe\/wp-content\/uploads\/2024\/08\/f5.jpg 1600w\" sizes=\"auto, (max-width: 1024px) 100vw, 1024px\" \/><\/figure>\n\n\n\n<figure class=\"wp-block-image size-large\"><img loading=\"lazy\" decoding=\"async\" width=\"1024\" height=\"576\" data-id=\"102\" src=\"https:\/\/incubadora.undc.edu.pe\/wp-content\/uploads\/2024\/08\/f4-1024x576.jpg\" alt=\"\" class=\"wp-image-102\" srcset=\"https:\/\/incubadora.undc.edu.pe\/wp-content\/uploads\/2024\/08\/f4-1024x576.jpg 1024w, https:\/\/incubadora.undc.edu.pe\/wp-content\/uploads\/2024\/08\/f4-300x169.jpg 300w, https:\/\/incubadora.undc.edu.pe\/wp-content\/uploads\/2024\/08\/f4-768x432.jpg 768w, https:\/\/incubadora.undc.edu.pe\/wp-content\/uploads\/2024\/08\/f4-1536x864.jpg 1536w, https:\/\/incubadora.undc.edu.pe\/wp-content\/uploads\/2024\/08\/f4.jpg 1600w\" sizes=\"auto, (max-width: 1024px) 100vw, 1024px\" \/><\/figure>\n<\/figure>\n\n\n\n<figure class=\"wp-block-gallery has-nested-images columns-default is-cropped wp-block-gallery-6 is-layout-flex wp-block-gallery-is-layout-flex\">\n<figure class=\"wp-block-image size-large\"><img loading=\"lazy\" decoding=\"async\" width=\"1024\" height=\"576\" data-id=\"103\" src=\"https:\/\/incubadora.undc.edu.pe\/wp-content\/uploads\/2024\/08\/f7-1024x576.jpg\" alt=\"\" class=\"wp-image-103\" srcset=\"https:\/\/incubadora.undc.edu.pe\/wp-content\/uploads\/2024\/08\/f7-1024x576.jpg 1024w, https:\/\/incubadora.undc.edu.pe\/wp-content\/uploads\/2024\/08\/f7-300x169.jpg 300w, https:\/\/incubadora.undc.edu.pe\/wp-content\/uploads\/2024\/08\/f7-768x432.jpg 768w, https:\/\/incubadora.undc.edu.pe\/wp-content\/uploads\/2024\/08\/f7-1536x864.jpg 1536w, https:\/\/incubadora.undc.edu.pe\/wp-content\/uploads\/2024\/08\/f7.jpg 1600w\" sizes=\"auto, (max-width: 1024px) 100vw, 1024px\" \/><\/figure>\n\n\n\n<figure class=\"wp-block-image size-large\"><img loading=\"lazy\" decoding=\"async\" width=\"1024\" height=\"576\" data-id=\"104\" src=\"https:\/\/incubadora.undc.edu.pe\/wp-content\/uploads\/2024\/08\/f6-1024x576.jpg\" alt=\"\" class=\"wp-image-104\" srcset=\"https:\/\/incubadora.undc.edu.pe\/wp-content\/uploads\/2024\/08\/f6-1024x576.jpg 1024w, https:\/\/incubadora.undc.edu.pe\/wp-content\/uploads\/2024\/08\/f6-300x169.jpg 300w, https:\/\/incubadora.undc.edu.pe\/wp-content\/uploads\/2024\/08\/f6-768x432.jpg 768w, https:\/\/incubadora.undc.edu.pe\/wp-content\/uploads\/2024\/08\/f6-1536x864.jpg 1536w, https:\/\/incubadora.undc.edu.pe\/wp-content\/uploads\/2024\/08\/f6.jpg 1600w\" sizes=\"auto, (max-width: 1024px) 100vw, 1024px\" \/><\/figure>\n<\/figure>\n","protected":false},"excerpt":{"rendered":"<p>Con \u00e9xito se realiz\u00f3 el \u201cConcurso y Feria de Negocios 2023&#8243;, organizado por la Direcci\u00f3n de Incubadoras de Empresas y la Vicepresidencia de Investigaci\u00f3n de la UNDC. En esta feria concursaron 10 ideas de negocio como Yawar Ca\u00f1etana, Unicoes, MPYM, Digital Partners, Digital Talent, Fusion 3D Jatama, Agroverde Ca\u00f1ete,San Banano,Rikokuy y Bioferti, integrados por estudiantes&#8230;<\/p>\n","protected":false},"author":2,"featured_media":92,"parent":0,"menu_order":0,"comment_status":"closed","ping_status":"closed","template":"","meta":{"footnotes":""},"class_list":["post-98","page","type-page","status-publish","has-post-thumbnail","hentry"],"_links":{"self":[{"href":"https:\/\/incubadora.undc.edu.pe\/index.php\/wp-json\/wp\/v2\/pages\/98","targetHints":{"allow":["GET"]}}],"collection":[{"href":"https:\/\/incubadora.undc.edu.pe\/index.php\/wp-json\/wp\/v2\/pages"}],"about":[{"href":"https:\/\/incubadora.undc.edu.pe\/index.php\/wp-json\/wp\/v2\/types\/page"}],"author":[{"embeddable":true,"href":"https:\/\/incubadora.undc.edu.pe\/index.php\/wp-json\/wp\/v2\/users\/2"}],"replies":[{"embeddable":true,"href":"https:\/\/incubadora.undc.edu.pe\/index.php\/wp-json\/wp\/v2\/comments?post=98"}],"version-history":[{"count":1,"href":"https:\/\/incubadora.undc.edu.pe\/index.php\/wp-json\/wp\/v2\/pages\/98\/revisions"}],"predecessor-version":[{"id":113,"href":"https:\/\/incubadora.undc.edu.pe\/index.php\/wp-json\/wp\/v2\/pages\/98\/revisions\/113"}],"wp:featuredmedia":[{"embeddable":true,"href":"https:\/\/incubadora.undc.edu.pe\/index.php\/wp-json\/wp\/v2\/media\/92"}],"wp:attachment":[{"href":"https:\/\/incubadora.undc.edu.pe\/index.php\/wp-json\/wp\/v2\/media?parent=98"}],"curies":[{"name":"wp","href":"https:\/\/api.w.org\/{rel}","templated":true}]}}