{"id":94,"date":"2024-08-21T19:30:01","date_gmt":"2024-08-21T19:30:01","guid":{"rendered":"https:\/\/incubadora.undc.edu.pe\/?page_id=94"},"modified":"2024-08-21T19:30:06","modified_gmt":"2024-08-21T19:30:06","slug":"feria-de-incubadora-de-empresas","status":"publish","type":"page","link":"https:\/\/incubadora.undc.edu.pe\/index.php\/feria-de-incubadora-de-empresas\/","title":{"rendered":"FERIA DE INCUBADORA DE EMPRESAS 2023"},"content":{"rendered":"\n<p>\u00a1Esta oportunidad es para ti!!! participa del I Concurso y Feria de Negocios 2023<\/p>\n\n\n\n<p>Dirigido a los estudiantes de la UNDC, creativos como t\u00fa.<\/p>\n\n\n\n<p>La Feria Expositiva de Ideas de Negocio, se llevar\u00e1 en el frontis de la Municipalidad Provincial de Ca\u00f1ete, el viernes 24 de noviembre a las 11:00 am.<\/p>\n\n\n\n<p>Este \u201cI Concurso y Feria de Negocios 2023&#8243;, tiene la finalidad de que los universitarios de la UNDC, presenten sus ideas de negocio y descubrir el potencial de proyectos que podr\u00edan <a><\/a>transformarse en las pr\u00f3ximas empresas exitosas,<\/p>\n\n\n\n<p>La Direcci\u00f3n de Incubadoras de Empresas, Vicepresidencia de Investigaci\u00f3n, felicitan a nuestros j\u00f3venes emprendedores que estar\u00e1n presentes y que cuyas ideas de negocios han llegado a esta recta final, permitiendo su asistencia en este I Concurso y Feria de Negocios 2023.<\/p>\n\n\n\n<p><strong>1. Yawar Ca\u00f1etana<\/strong><\/p>\n\n\n\n<p><strong>2. Unicoes<\/strong><\/p>\n\n\n\n<p><strong>3. MPYM<\/strong><\/p>\n\n\n\n<p><strong>4. Digital Partners<\/strong><\/p>\n\n\n\n<p><strong>5. Digital Talent<\/strong><\/p>\n\n\n\n<p><strong>6. Fusion 3D Jatama<\/strong><\/p>\n\n\n\n<p><strong>7. Agroverde Ca\u00f1ete<\/strong><\/p>\n\n\n\n<p><strong>8. San Banano<\/strong><\/p>\n\n\n\n<p><strong>9. Rikokuy<\/strong><\/p>\n\n\n\n<p><strong>10. Bioferti<\/strong><\/p>\n","protected":false},"excerpt":{"rendered":"<p>\u00a1Esta oportunidad es para ti!!! participa del I Concurso y Feria de Negocios 2023 Dirigido a los estudiantes de la UNDC, creativos como t\u00fa. La Feria Expositiva de Ideas de Negocio, se llevar\u00e1 en el frontis de la Municipalidad Provincial de Ca\u00f1ete, el viernes 24 de noviembre a las 11:00 am. Este \u201cI Concurso y&#8230;<\/p>\n","protected":false},"author":2,"featured_media":90,"parent":0,"menu_order":0,"comment_status":"closed","ping_status":"closed","template":"","meta":{"footnotes":""},"class_list":["post-94","page","type-page","status-publish","has-post-thumbnail","hentry"],"_links":{"self":[{"href":"https:\/\/incubadora.undc.edu.pe\/index.php\/wp-json\/wp\/v2\/pages\/94","targetHints":{"allow":["GET"]}}],"collection":[{"href":"https:\/\/incubadora.undc.edu.pe\/index.php\/wp-json\/wp\/v2\/pages"}],"about":[{"href":"https:\/\/incubadora.undc.edu.pe\/index.php\/wp-json\/wp\/v2\/types\/page"}],"author":[{"embeddable":true,"href":"https:\/\/incubadora.undc.edu.pe\/index.php\/wp-json\/wp\/v2\/users\/2"}],"replies":[{"embeddable":true,"href":"https:\/\/incubadora.undc.edu.pe\/index.php\/wp-json\/wp\/v2\/comments?post=94"}],"version-history":[{"count":2,"href":"https:\/\/incubadora.undc.edu.pe\/index.php\/wp-json\/wp\/v2\/pages\/94\/revisions"}],"predecessor-version":[{"id":97,"href":"https:\/\/incubadora.undc.edu.pe\/index.php\/wp-json\/wp\/v2\/pages\/94\/revisions\/97"}],"wp:featuredmedia":[{"embeddable":true,"href":"https:\/\/incubadora.undc.edu.pe\/index.php\/wp-json\/wp\/v2\/media\/90"}],"wp:attachment":[{"href":"https:\/\/incubadora.undc.edu.pe\/index.php\/wp-json\/wp\/v2\/media?parent=94"}],"curies":[{"name":"wp","href":"https:\/\/api.w.org\/{rel}","templated":true}]}}