{"id":148,"date":"2024-10-25T17:15:39","date_gmt":"2024-10-25T17:15:39","guid":{"rendered":"https:\/\/incubadora.undc.edu.pe\/?page_id=148"},"modified":"2024-10-25T17:15:39","modified_gmt":"2024-10-25T17:15:39","slug":"funciones-nuevas","status":"publish","type":"page","link":"https:\/\/incubadora.undc.edu.pe\/index.php\/funciones-nuevas\/","title":{"rendered":"Funciones"},"content":{"rendered":"\n<div class=\"wp-block-columns is-layout-flex wp-container-core-columns-is-layout-28f84493 wp-block-columns-is-layout-flex\">\n<div class=\"wp-block-column is-layout-flow wp-block-column-is-layout-flow\">\n<div class=\"wp-block-group is-style-homedroid-boxshadow homedroid-hover-box has-light-color-background-color has-background is-layout-constrained wp-container-core-group-is-layout-e8906f16 wp-block-group-is-layout-constrained\" style=\"border-radius:20px;padding-top:44px;padding-right:32px;padding-bottom:32px;padding-left:32px\">\n<p class=\"has-text-align-center\">Proponer a la vicepresidencia de Investigaci\u00f3n las, pol\u00edticas, reglamentos y\/o normas de funcionamiento de la Direcci\u00f3n Incubadora de Empresas.<\/p>\n<\/div>\n<\/div>\n\n\n\n<div class=\"wp-block-column is-layout-flow wp-block-column-is-layout-flow\">\n<div class=\"wp-block-group is-style-homedroid-boxshadow homedroid-hover-box has-light-color-background-color has-background is-layout-constrained wp-container-core-group-is-layout-e8906f16 wp-block-group-is-layout-constrained\" style=\"border-radius:20px;padding-top:44px;padding-right:32px;padding-bottom:32px;padding-left:32px\">\n<p class=\"has-text-align-center\">Brindar asesor\u00eda t\u00e9cnica especializada para la generaci\u00f3n, desarrollo y consolidaci\u00f3n de empresas en innovaci\u00f3n y desarrollo empresarial.<\/p>\n<\/div>\n<\/div>\n<\/div>\n\n\n\n<div class=\"wp-block-columns is-layout-flex wp-container-core-columns-is-layout-28f84493 wp-block-columns-is-layout-flex\">\n<div class=\"wp-block-column is-layout-flow wp-block-column-is-layout-flow\">\n<div class=\"wp-block-group is-style-homedroid-boxshadow homedroid-hover-box has-light-color-background-color has-background is-layout-constrained wp-container-core-group-is-layout-0ab6490f wp-block-group-is-layout-constrained\" style=\"border-radius:20px;padding-top:40px;padding-right:32px;padding-bottom:40px;padding-left:32px\">\n<p class=\"has-text-align-center\">Promover que el funcionamiento de las incubadoras de empresas este vinculado a los parques industriales con aplicaci\u00f3n de transferencia tecnol\u00f3gica.<\/p>\n<\/div>\n<\/div>\n\n\n\n<div class=\"wp-block-column is-layout-flow wp-block-column-is-layout-flow\">\n<div class=\"wp-block-group is-style-homedroid-boxshadow homedroid-hover-box has-light-color-background-color has-background is-layout-constrained wp-container-core-group-is-layout-b4e317d2 wp-block-group-is-layout-constrained\" style=\"border-radius:20px;padding-top:15px;padding-right:32px;padding-bottom:15px;padding-left:32px\">\n<p class=\"has-text-align-center\">Brindar capacitaci\u00f3n especializada a los estudiantes en temas de: formaci\u00f3n empresarial, desarrollo gerencial. Dise\u00f1o de campa\u00f1as de mercadeo, inscripci\u00f3n de marcas. Nombres comerciales, patentes, entre otros.<\/p>\n<\/div>\n<\/div>\n<\/div>\n\n\n\n<div class=\"wp-block-columns is-layout-flex wp-container-core-columns-is-layout-28f84493 wp-block-columns-is-layout-flex\">\n<div class=\"wp-block-column is-layout-flow wp-block-column-is-layout-flow\">\n<div class=\"wp-block-group is-style-homedroid-boxshadow homedroid-hover-box has-light-color-background-color has-background is-layout-constrained wp-container-core-group-is-layout-fda864d6 wp-block-group-is-layout-constrained\" style=\"border-radius:20px;padding-top:20px;padding-right:32px;padding-bottom:20px;padding-left:32px\">\n<p class=\"has-text-align-center\">Intercambiar experiencias con incubadoras de otras universidades sobre la creaci\u00f3n de empresas que se puedan aplicar de manera \u00f3ptima a los proyectos, con el fin de disminuir los riesgos y obst\u00e1culos al momento de iniciar una empresa.<\/p>\n<\/div>\n<\/div>\n\n\n\n<div class=\"wp-block-column is-layout-flow wp-block-column-is-layout-flow\">\n<div class=\"wp-block-group is-style-homedroid-boxshadow homedroid-hover-box has-light-color-background-color has-background is-layout-constrained wp-container-core-group-is-layout-d6296333 wp-block-group-is-layout-constrained\" style=\"border-radius:20px;padding-top:47px;padding-right:32px;padding-bottom:40px;padding-left:32px\">\n<p class=\"has-text-align-center\">Promover los servicios que brinda la incubadora, los procedimientos generales a seguir, directorio de incubadora, alianzas, plataforma de innovaci\u00f3n y personal de contacto de la incubadora.<\/p>\n<\/div>\n<\/div>\n<\/div>\n\n\n\n<div class=\"wp-block-columns is-layout-flex wp-container-core-columns-is-layout-28f84493 wp-block-columns-is-layout-flex\">\n<div class=\"wp-block-column is-layout-flow wp-block-column-is-layout-flow\">\n<div class=\"wp-block-group is-style-homedroid-boxshadow homedroid-hover-box has-light-color-background-color has-background is-layout-constrained wp-container-core-group-is-layout-9583bf1d wp-block-group-is-layout-constrained\" style=\"border-radius:20px;padding-top:20px;padding-right:32px;padding-bottom:20px;padding-left:32px\">\n<p class=\"has-text-align-center\">Promover, identificar, seleccionar las ideas y proyectos de formaci\u00f3n de empresas de cualquier naturaleza.<\/p>\n<\/div>\n<\/div>\n\n\n\n<div class=\"wp-block-column is-layout-flow wp-block-column-is-layout-flow\">\n<div class=\"wp-block-group is-style-homedroid-boxshadow homedroid-hover-box has-light-color-background-color has-background is-layout-constrained wp-container-core-group-is-layout-fda864d6 wp-block-group-is-layout-constrained\" style=\"border-radius:20px;padding-top:20px;padding-right:32px;padding-bottom:20px;padding-left:32px\">\n<p class=\"has-text-align-center\">Realizar talleres de planes de negocio, marketing digital, ventas, propiedad intelectual y aspectos societarios.<\/p>\n<\/div>\n<\/div>\n<\/div>\n\n\n\n<div class=\"wp-block-columns is-layout-flex wp-container-core-columns-is-layout-28f84493 wp-block-columns-is-layout-flex\">\n<div class=\"wp-block-column is-layout-flow wp-block-column-is-layout-flow\">\n<div class=\"wp-block-group is-style-homedroid-boxshadow homedroid-hover-box has-light-color-background-color has-background is-layout-constrained wp-container-core-group-is-layout-9583bf1d wp-block-group-is-layout-constrained\" style=\"border-radius:20px;padding-top:20px;padding-right:32px;padding-bottom:20px;padding-left:32px\">\n<p class=\"has-text-align-center\">Apoyar en la gesti\u00f3n de fuentes de financiamiento inicial.<\/p>\n<\/div>\n<\/div>\n\n\n\n<div class=\"wp-block-column is-layout-flow wp-block-column-is-layout-flow\">\n<div class=\"wp-block-group is-style-homedroid-boxshadow homedroid-hover-box has-light-color-background-color has-background is-layout-constrained wp-container-core-group-is-layout-fda864d6 wp-block-group-is-layout-constrained\" style=\"border-radius:20px;padding-top:20px;padding-right:32px;padding-bottom:20px;padding-left:32px\">\n<p class=\"has-text-align-center\">Brindar las facilidades f\u00edsicas para la instalaci\u00f3n experimental de la empresa.<\/p>\n<\/div>\n<\/div>\n<\/div>\n\n\n\n<div class=\"wp-block-group is-style-homedroid-boxshadow homedroid-hover-box has-light-color-background-color has-background is-layout-constrained wp-container-core-group-is-layout-9583bf1d wp-block-group-is-layout-constrained\" style=\"border-radius:20px;padding-top:20px;padding-right:32px;padding-bottom:20px;padding-left:32px\">\n<p class=\"has-text-align-center\">Las dem\u00e1s funciones que le sean asignadas por el Vicerrectorado de Investigaci\u00f3n. en la gesti\u00f3n de fuentes de financiamiento inicial.<\/p>\n<\/div>\n","protected":false},"excerpt":{"rendered":"<p>Proponer a la vicepresidencia de Investigaci\u00f3n las, pol\u00edticas, reglamentos y\/o normas de funcionamiento de la Direcci\u00f3n Incubadora de Empresas. Brindar asesor\u00eda t\u00e9cnica especializada para la generaci\u00f3n, desarrollo y consolidaci\u00f3n de empresas en innovaci\u00f3n y desarrollo empresarial. Promover que el funcionamiento de las incubadoras de empresas este vinculado a los parques industriales con aplicaci\u00f3n de transferencia&#8230;<\/p>\n","protected":false},"author":2,"featured_media":0,"parent":0,"menu_order":0,"comment_status":"closed","ping_status":"closed","template":"","meta":{"footnotes":""},"class_list":["post-148","page","type-page","status-publish","hentry"],"_links":{"self":[{"href":"https:\/\/incubadora.undc.edu.pe\/index.php\/wp-json\/wp\/v2\/pages\/148","targetHints":{"allow":["GET"]}}],"collection":[{"href":"https:\/\/incubadora.undc.edu.pe\/index.php\/wp-json\/wp\/v2\/pages"}],"about":[{"href":"https:\/\/incubadora.undc.edu.pe\/index.php\/wp-json\/wp\/v2\/types\/page"}],"author":[{"embeddable":true,"href":"https:\/\/incubadora.undc.edu.pe\/index.php\/wp-json\/wp\/v2\/users\/2"}],"replies":[{"embeddable":true,"href":"https:\/\/incubadora.undc.edu.pe\/index.php\/wp-json\/wp\/v2\/comments?post=148"}],"version-history":[{"count":3,"href":"https:\/\/incubadora.undc.edu.pe\/index.php\/wp-json\/wp\/v2\/pages\/148\/revisions"}],"predecessor-version":[{"id":218,"href":"https:\/\/incubadora.undc.edu.pe\/index.php\/wp-json\/wp\/v2\/pages\/148\/revisions\/218"}],"wp:attachment":[{"href":"https:\/\/incubadora.undc.edu.pe\/index.php\/wp-json\/wp\/v2\/media?parent=148"}],"curies":[{"name":"wp","href":"https:\/\/api.w.org\/{rel}","templated":true}]}}