{"id":115,"date":"2024-08-21T19:42:19","date_gmt":"2024-08-21T19:42:19","guid":{"rendered":"https:\/\/incubadora.undc.edu.pe\/?page_id=115"},"modified":"2024-08-21T19:42:19","modified_gmt":"2024-08-21T19:42:19","slug":"convocatoria-concurso-y-feria-de-negocio","status":"publish","type":"page","link":"https:\/\/incubadora.undc.edu.pe\/index.php\/convocatoria-concurso-y-feria-de-negocio\/","title":{"rendered":"CONVOCATORIA \u00abCONCURSO Y FERIA DE NEGOCIO\u00bb"},"content":{"rendered":"\n<p>La Universidad Nacional de Ca\u00f1ete (UNDC) a trav\u00e9s de la Vicepresidencia de Investigaci\u00f3n lanza el primer concurso y feria de negocio, que premiara a las 06 mejores ideas de negocio por un monto de 10 mil soles cada uno. Este concurso tiene como objetivo promover el esp\u00edritu emprendedor de los estudiantes fomentando el conocimiento y el desarrollo de sus ideas de negocios para lograr un producto o servicio que pueda ser adquirido por la sociedad en general. En este concurso pueden participar estudiantes a partir del cuarto al noveno ciclo, de las diferentes Escuelas Profesionales de la UNDC.<br>Si eres estudiante de la UNDC y deseas participar, te invitamos a leer las bases de la convocatoria en:\u00a0<a href=\"https:\/\/drive.google.com\/drive\/u\/1\/folders\/1jJW1MEl_e5RCmz69Kp5tX2llT-K0EklH?fbclid=IwZXh0bgNhZW0CMTAAAR16e0nv9EJLa4v5UZEz9gyc-iA1a-zVLq8gmCABkd3HGz38LhxV-HLc6vs_aem_BGbm1ZfcJdO1RPYAs11SbA\" target=\"_blank\" rel=\"noreferrer noopener\">https:\/\/drive.google.com\/&#8230;\/1jJW1MEl_e5RCmz69Kp5tX2llT&#8230;<\/a><br>Inscr\u00edbete a trav\u00e9s del siguiente formulario de inscripci\u00f3n:<br><a href=\"https:\/\/docs.google.com\/forms\/d\/e\/1FAIpQLSc-12rvBxbDcCiByevP6RYKsSA6R1AffJR5dRhnv7nUZXuAlw\/viewform?fbclid=IwZXh0bgNhZW0CMTAAAR1ApoTGKENaLJB_CixnGMxXNhZNCLvnQiaVp13csG3F9DxtW5CLoF11hC0_aem_bOJqmrM_0NvA5z5FqLG7tQ\" target=\"_blank\" rel=\"noreferrer noopener\">https:\/\/docs.google.com\/&#8230;\/1FAIpQLSc&#8230;\/viewform<\/a><\/p>\n","protected":false},"excerpt":{"rendered":"<p>La Universidad Nacional de Ca\u00f1ete (UNDC) a trav\u00e9s de la Vicepresidencia de Investigaci\u00f3n lanza el primer concurso y feria de negocio, que premiara a las 06 mejores ideas de negocio por un monto de 10 mil soles cada uno. Este concurso tiene como objetivo promover el esp\u00edritu emprendedor de los estudiantes fomentando el conocimiento y&#8230;<\/p>\n","protected":false},"author":2,"featured_media":116,"parent":0,"menu_order":0,"comment_status":"closed","ping_status":"closed","template":"","meta":{"footnotes":""},"class_list":["post-115","page","type-page","status-publish","has-post-thumbnail","hentry"],"_links":{"self":[{"href":"https:\/\/incubadora.undc.edu.pe\/index.php\/wp-json\/wp\/v2\/pages\/115","targetHints":{"allow":["GET"]}}],"collection":[{"href":"https:\/\/incubadora.undc.edu.pe\/index.php\/wp-json\/wp\/v2\/pages"}],"about":[{"href":"https:\/\/incubadora.undc.edu.pe\/index.php\/wp-json\/wp\/v2\/types\/page"}],"author":[{"embeddable":true,"href":"https:\/\/incubadora.undc.edu.pe\/index.php\/wp-json\/wp\/v2\/users\/2"}],"replies":[{"embeddable":true,"href":"https:\/\/incubadora.undc.edu.pe\/index.php\/wp-json\/wp\/v2\/comments?post=115"}],"version-history":[{"count":1,"href":"https:\/\/incubadora.undc.edu.pe\/index.php\/wp-json\/wp\/v2\/pages\/115\/revisions"}],"predecessor-version":[{"id":117,"href":"https:\/\/incubadora.undc.edu.pe\/index.php\/wp-json\/wp\/v2\/pages\/115\/revisions\/117"}],"wp:featuredmedia":[{"embeddable":true,"href":"https:\/\/incubadora.undc.edu.pe\/index.php\/wp-json\/wp\/v2\/media\/116"}],"wp:attachment":[{"href":"https:\/\/incubadora.undc.edu.pe\/index.php\/wp-json\/wp\/v2\/media?parent=115"}],"curies":[{"name":"wp","href":"https:\/\/api.w.org\/{rel}","templated":true}]}}